{"id":3598,"date":"2020-08-31T13:10:58","date_gmt":"2020-08-31T20:10:58","guid":{"rendered":"https:\/\/blog-turbotax-intuit-com-develop.go-vip.co\/es\/?page_id=3598"},"modified":"2021-10-05T16:00:19","modified_gmt":"2021-10-05T23:00:19","slug":"centro-de-desempleo","status":"publish","type":"page","link":"https:\/\/blog-turbotax-intuit-com-develop.go-vip.co\/es\/centro-de-desempleo\/","title":{"rendered":"Centro de desempleo"},"content":{"rendered":"<p>Quedar desempleado puede ser aterrador y\u00a0abrumador\u00a0a la vez, pero estamos aqu\u00ed para ayudarte. Cuenta con nosotros para brindarte apoyo y consejos para todo desde c\u00f3mo administrar tus finanzas hasta lo que significa para ti el desempleo en cuestiones tributarias.<\/p>\n<p>Aprende m\u00e1s sobre la ampliaci\u00f3n de los beneficios de desempleo y alivio tributario por el COVID-19.<\/p>\n<p>&nbsp;<\/p>\n","protected":false},"excerpt":{"rendered":"<p>Quedar desempleado puede ser aterrador y\u00a0abrumador\u00a0a la vez, pero estamos aqu\u00ed para ayudarte. Cuenta con nosotros para brindarte apoyo y consejos para todo desde c\u00f3mo administrar tus finanzas hasta lo que significa para ti el desempleo en cuestiones tributarias. Aprende m\u00e1s sobre la ampliaci\u00f3n de los beneficios de desempleo y alivio tributario por el COVID-19.<\/p>\n","protected":false},"author":2883583,"featured_media":3599,"parent":0,"menu_order":0,"comment_status":"closed","ping_status":"closed","template":"template\/pods.php","meta":{"rkv_browse_by_id":0,"rkv_cta_id":0,"rkv_optimize_for_pagespeed":false,"jetpack_post_was_ever_published":false,"useModifiedDate":false,"customPublishDate":"","footnotes":""},"coauthors":[],"class_list":["post-3598","page","type-page","status-publish","has-post-thumbnail","hentry"],"yoast_head":"<!-- This site is optimized with the Yoast SEO plugin v27.1.1 - https:\/\/yoast.com\/product\/yoast-seo-wordpress\/ -->\n<title>Centro de desempleo - TurboTax Blog Espa\u00f1ol<\/title>\n<meta name=\"robots\" content=\"index, follow, max-snippet:-1, max-image-preview:large, max-video-preview:-1\" \/>\n<link rel=\"canonical\" href=\"https:\/\/blog-turbotax-intuit-com-develop.go-vip.co\/es\/centro-de-desempleo\/\" \/>\n<meta property=\"og:locale\" content=\"es_ES\" \/>\n<meta property=\"og:type\" content=\"article\" \/>\n<meta property=\"og:title\" content=\"Centro de desempleo - TurboTax Blog Espa\u00f1ol\" \/>\n<meta property=\"og:description\" content=\"Quedar desempleado puede ser aterrador y\u00a0abrumador\u00a0a la vez, pero estamos aqu\u00ed para ayudarte. Cuenta con nosotros para brindarte apoyo y consejos para todo desde c\u00f3mo administrar tus finanzas hasta lo que significa para ti el desempleo en cuestiones tributarias. Aprende m\u00e1s sobre la ampliaci\u00f3n de los beneficios de desempleo y alivio tributario por el COVID-19.\" \/>\n<meta property=\"og:url\" content=\"https:\/\/blog-turbotax-intuit-com-develop.go-vip.co\/es\/centro-de-desempleo\/\" \/>\n<meta property=\"og:site_name\" content=\"Blog\" \/>\n<meta property=\"article:modified_time\" content=\"2021-10-05T23:00:19+00:00\" \/>\n<meta property=\"og:image\" content=\"https:\/\/blog-turbotax-intuit-com-develop.go-vip.co\/es\/wp-content\/uploads\/sites\/2\/2020\/08\/unemployment-center-hero.jpg\" \/>\n\t<meta property=\"og:image:width\" content=\"1200\" \/>\n\t<meta property=\"og:image:height\" content=\"799\" \/>\n\t<meta property=\"og:image:type\" content=\"image\/jpeg\" \/>\n<meta name=\"twitter:card\" content=\"summary_large_image\" \/>\n<script type=\"application\/ld+json\" class=\"yoast-schema-graph\">{\"@context\":\"https:\/\/schema.org\",\"@graph\":[{\"@type\":\"WebPage\",\"@id\":\"https:\/\/blog-turbotax-intuit-com-develop.go-vip.co\/es\/centro-de-desempleo\/\",\"url\":\"https:\/\/blog-turbotax-intuit-com-develop.go-vip.co\/es\/centro-de-desempleo\/\",\"name\":\"Centro de desempleo - TurboTax Blog Espa\u00f1ol\",\"isPartOf\":{\"@id\":\"https:\/\/blog-turbotax-intuit-com-develop.go-vip.co\/es\/#website\"},\"primaryImageOfPage\":{\"@id\":\"https:\/\/blog-turbotax-intuit-com-develop.go-vip.co\/es\/centro-de-desempleo\/#primaryimage\"},\"image\":{\"@id\":\"https:\/\/blog-turbotax-intuit-com-develop.go-vip.co\/es\/centro-de-desempleo\/#primaryimage\"},\"thumbnailUrl\":\"https:\/\/blog-turbotax-intuit-com-develop.go-vip.co\/es\/wp-content\/uploads\/sites\/2\/2020\/08\/unemployment-center-hero.jpg\",\"datePublished\":\"2020-08-31T20:10:58+00:00\",\"dateModified\":\"2021-10-05T23:00:19+00:00\",\"breadcrumb\":{\"@id\":\"https:\/\/blog-turbotax-intuit-com-develop.go-vip.co\/es\/centro-de-desempleo\/#breadcrumb\"},\"inLanguage\":\"es-ES\",\"potentialAction\":[{\"@type\":\"ReadAction\",\"target\":[\"https:\/\/blog-turbotax-intuit-com-develop.go-vip.co\/es\/centro-de-desempleo\/\"]}]},{\"@type\":\"ImageObject\",\"inLanguage\":\"es-ES\",\"@id\":\"https:\/\/blog-turbotax-intuit-com-develop.go-vip.co\/es\/centro-de-desempleo\/#primaryimage\",\"url\":\"https:\/\/blog-turbotax-intuit-com-develop.go-vip.co\/es\/wp-content\/uploads\/sites\/2\/2020\/08\/unemployment-center-hero.jpg\",\"contentUrl\":\"https:\/\/blog-turbotax-intuit-com-develop.go-vip.co\/es\/wp-content\/uploads\/sites\/2\/2020\/08\/unemployment-center-hero.jpg\",\"width\":1200,\"height\":799},{\"@type\":\"BreadcrumbList\",\"@id\":\"https:\/\/blog-turbotax-intuit-com-develop.go-vip.co\/es\/centro-de-desempleo\/#breadcrumb\",\"itemListElement\":[{\"@type\":\"ListItem\",\"position\":1,\"name\":\"Home\",\"item\":\"https:\/\/blog-turbotax-intuit-com-develop.go-vip.co\/es\/\"},{\"@type\":\"ListItem\",\"position\":2,\"name\":\"Centro de desempleo\"}]},{\"@type\":\"WebSite\",\"@id\":\"https:\/\/blog-turbotax-intuit-com-develop.go-vip.co\/es\/#website\",\"url\":\"https:\/\/blog-turbotax-intuit-com-develop.go-vip.co\/es\/\",\"name\":\"TurboTax Blog Espa\u00f1ol\",\"description\":\"Es todo sobre el reembolso\",\"publisher\":{\"@id\":\"https:\/\/blog-turbotax-intuit-com-develop.go-vip.co\/es\/#organization\"},\"potentialAction\":[{\"@type\":\"SearchAction\",\"target\":{\"@type\":\"EntryPoint\",\"urlTemplate\":\"https:\/\/blog-turbotax-intuit-com-develop.go-vip.co\/es\/?s={search_term_string}\"},\"query-input\":{\"@type\":\"PropertyValueSpecification\",\"valueRequired\":true,\"valueName\":\"search_term_string\"}}],\"inLanguage\":\"es-ES\"},{\"@type\":\"Organization\",\"@id\":\"https:\/\/blog-turbotax-intuit-com-develop.go-vip.co\/es\/#organization\",\"name\":\"TurboTax Blog Espa\u00f1ol\",\"url\":\"https:\/\/blog-turbotax-intuit-com-develop.go-vip.co\/es\/\",\"logo\":{\"@type\":\"ImageObject\",\"inLanguage\":\"es-ES\",\"@id\":\"https:\/\/blog-turbotax-intuit-com-develop.go-vip.co\/es\/#\/schema\/logo\/image\/\",\"url\":\"https:\/\/blog-turbotax-intuit-com-develop.go-vip.co\/es\/wp-content\/uploads\/sites\/2\/2019\/01\/tt-blog-logo-dark-2.png\",\"contentUrl\":\"https:\/\/blog-turbotax-intuit-com-develop.go-vip.co\/es\/wp-content\/uploads\/sites\/2\/2019\/01\/tt-blog-logo-dark-2.png\",\"width\":967,\"height\":175,\"caption\":\"TurboTax Blog Espa\u00f1ol\"},\"image\":{\"@id\":\"https:\/\/blog-turbotax-intuit-com-develop.go-vip.co\/es\/#\/schema\/logo\/image\/\"}}]}<\/script>\n<!-- \/ Yoast SEO plugin. -->","yoast_head_json":{"title":"Centro de desempleo - TurboTax Blog Espa\u00f1ol","robots":{"index":"index","follow":"follow","max-snippet":"max-snippet:-1","max-image-preview":"max-image-preview:large","max-video-preview":"max-video-preview:-1"},"canonical":"https:\/\/blog-turbotax-intuit-com-develop.go-vip.co\/es\/centro-de-desempleo\/","og_locale":"es_ES","og_type":"article","og_title":"Centro de desempleo - TurboTax Blog Espa\u00f1ol","og_description":"Quedar desempleado puede ser aterrador y\u00a0abrumador\u00a0a la vez, pero estamos aqu\u00ed para ayudarte. Cuenta con nosotros para brindarte apoyo y consejos para todo desde c\u00f3mo administrar tus finanzas hasta lo que significa para ti el desempleo en cuestiones tributarias. Aprende m\u00e1s sobre la ampliaci\u00f3n de los beneficios de desempleo y alivio tributario por el COVID-19.","og_url":"https:\/\/blog-turbotax-intuit-com-develop.go-vip.co\/es\/centro-de-desempleo\/","og_site_name":"Blog","article_modified_time":"2021-10-05T23:00:19+00:00","og_image":[{"width":1200,"height":799,"url":"https:\/\/blog-turbotax-intuit-com-develop.go-vip.co\/es\/wp-content\/uploads\/sites\/2\/2020\/08\/unemployment-center-hero.jpg","type":"image\/jpeg"}],"twitter_card":"summary_large_image","schema":{"@context":"https:\/\/schema.org","@graph":[{"@type":"WebPage","@id":"https:\/\/blog-turbotax-intuit-com-develop.go-vip.co\/es\/centro-de-desempleo\/","url":"https:\/\/blog-turbotax-intuit-com-develop.go-vip.co\/es\/centro-de-desempleo\/","name":"Centro de desempleo - TurboTax Blog Espa\u00f1ol","isPartOf":{"@id":"https:\/\/blog-turbotax-intuit-com-develop.go-vip.co\/es\/#website"},"primaryImageOfPage":{"@id":"https:\/\/blog-turbotax-intuit-com-develop.go-vip.co\/es\/centro-de-desempleo\/#primaryimage"},"image":{"@id":"https:\/\/blog-turbotax-intuit-com-develop.go-vip.co\/es\/centro-de-desempleo\/#primaryimage"},"thumbnailUrl":"https:\/\/blog-turbotax-intuit-com-develop.go-vip.co\/es\/wp-content\/uploads\/sites\/2\/2020\/08\/unemployment-center-hero.jpg","datePublished":"2020-08-31T20:10:58+00:00","dateModified":"2021-10-05T23:00:19+00:00","breadcrumb":{"@id":"https:\/\/blog-turbotax-intuit-com-develop.go-vip.co\/es\/centro-de-desempleo\/#breadcrumb"},"inLanguage":"es-ES","potentialAction":[{"@type":"ReadAction","target":["https:\/\/blog-turbotax-intuit-com-develop.go-vip.co\/es\/centro-de-desempleo\/"]}]},{"@type":"ImageObject","inLanguage":"es-ES","@id":"https:\/\/blog-turbotax-intuit-com-develop.go-vip.co\/es\/centro-de-desempleo\/#primaryimage","url":"https:\/\/blog-turbotax-intuit-com-develop.go-vip.co\/es\/wp-content\/uploads\/sites\/2\/2020\/08\/unemployment-center-hero.jpg","contentUrl":"https:\/\/blog-turbotax-intuit-com-develop.go-vip.co\/es\/wp-content\/uploads\/sites\/2\/2020\/08\/unemployment-center-hero.jpg","width":1200,"height":799},{"@type":"BreadcrumbList","@id":"https:\/\/blog-turbotax-intuit-com-develop.go-vip.co\/es\/centro-de-desempleo\/#breadcrumb","itemListElement":[{"@type":"ListItem","position":1,"name":"Home","item":"https:\/\/blog-turbotax-intuit-com-develop.go-vip.co\/es\/"},{"@type":"ListItem","position":2,"name":"Centro de desempleo"}]},{"@type":"WebSite","@id":"https:\/\/blog-turbotax-intuit-com-develop.go-vip.co\/es\/#website","url":"https:\/\/blog-turbotax-intuit-com-develop.go-vip.co\/es\/","name":"TurboTax Blog Espa\u00f1ol","description":"Es todo sobre el reembolso","publisher":{"@id":"https:\/\/blog-turbotax-intuit-com-develop.go-vip.co\/es\/#organization"},"potentialAction":[{"@type":"SearchAction","target":{"@type":"EntryPoint","urlTemplate":"https:\/\/blog-turbotax-intuit-com-develop.go-vip.co\/es\/?s={search_term_string}"},"query-input":{"@type":"PropertyValueSpecification","valueRequired":true,"valueName":"search_term_string"}}],"inLanguage":"es-ES"},{"@type":"Organization","@id":"https:\/\/blog-turbotax-intuit-com-develop.go-vip.co\/es\/#organization","name":"TurboTax Blog Espa\u00f1ol","url":"https:\/\/blog-turbotax-intuit-com-develop.go-vip.co\/es\/","logo":{"@type":"ImageObject","inLanguage":"es-ES","@id":"https:\/\/blog-turbotax-intuit-com-develop.go-vip.co\/es\/#\/schema\/logo\/image\/","url":"https:\/\/blog-turbotax-intuit-com-develop.go-vip.co\/es\/wp-content\/uploads\/sites\/2\/2019\/01\/tt-blog-logo-dark-2.png","contentUrl":"https:\/\/blog-turbotax-intuit-com-develop.go-vip.co\/es\/wp-content\/uploads\/sites\/2\/2019\/01\/tt-blog-logo-dark-2.png","width":967,"height":175,"caption":"TurboTax Blog Espa\u00f1ol"},"image":{"@id":"https:\/\/blog-turbotax-intuit-com-develop.go-vip.co\/es\/#\/schema\/logo\/image\/"}}]}},"jetpack_sharing_enabled":true,"jetpack_shortlink":"https:\/\/wp.me\/Pb74yL-W2","_links":{"self":[{"href":"https:\/\/blog-turbotax-intuit-com-develop.go-vip.co\/es\/wp-json\/wp\/v2\/pages\/3598","targetHints":{"allow":["GET"]}}],"collection":[{"href":"https:\/\/blog-turbotax-intuit-com-develop.go-vip.co\/es\/wp-json\/wp\/v2\/pages"}],"about":[{"href":"https:\/\/blog-turbotax-intuit-com-develop.go-vip.co\/es\/wp-json\/wp\/v2\/types\/page"}],"author":[{"embeddable":true,"href":"https:\/\/blog-turbotax-intuit-com-develop.go-vip.co\/es\/wp-json\/wp\/v2\/users\/2883583"}],"replies":[{"embeddable":true,"href":"https:\/\/blog-turbotax-intuit-com-develop.go-vip.co\/es\/wp-json\/wp\/v2\/comments?post=3598"}],"version-history":[{"count":5,"href":"https:\/\/blog-turbotax-intuit-com-develop.go-vip.co\/es\/wp-json\/wp\/v2\/pages\/3598\/revisions"}],"predecessor-version":[{"id":4812,"href":"https:\/\/blog-turbotax-intuit-com-develop.go-vip.co\/es\/wp-json\/wp\/v2\/pages\/3598\/revisions\/4812"}],"wp:featuredmedia":[{"embeddable":true,"href":"https:\/\/blog-turbotax-intuit-com-develop.go-vip.co\/es\/wp-json\/wp\/v2\/media\/3599"}],"wp:attachment":[{"href":"https:\/\/blog-turbotax-intuit-com-develop.go-vip.co\/es\/wp-json\/wp\/v2\/media?parent=3598"}],"wp:term":[{"taxonomy":"author","embeddable":true,"href":"https:\/\/blog-turbotax-intuit-com-develop.go-vip.co\/es\/wp-json\/wp\/v2\/coauthors?post=3598"}],"curies":[{"name":"wp","href":"https:\/\/api.w.org\/{rel}","templated":true}]}}